{"id":13,"date":"2021-03-10T09:12:18","date_gmt":"2021-03-10T12:12:18","guid":{"rendered":"http:\/\/piramideacabamentos.com.br\/?page_id=13"},"modified":"2021-03-12T16:39:06","modified_gmt":"2021-03-12T19:39:06","slug":"produtos","status":"publish","type":"page","link":"https:\/\/piramideacabamentos.com.br\/index.php\/produtos\/","title":{"rendered":"Produtos"},"content":{"rendered":"\t\t<div data-elementor-type=\"wp-page\" data-elementor-id=\"13\" class=\"elementor elementor-13\" data-elementor-settings=\"[]\">\r\n\t\t\t<div class=\"elementor-inner\">\r\n\t\t\t\t<div class=\"elementor-section-wrap\">\r\n\t\t\t\t\t\t\t<section class=\"elementor-element elementor-element-8d832d0 elementor-section-boxed elementor-section-height-default elementor-section-height-default elementor-section elementor-top-section\" data-id=\"8d832d0\" data-element_type=\"section\">\r\n\t\t\t\t\t\t<div class=\"elementor-container elementor-column-gap-default\">\r\n\t\t\t\t<div class=\"elementor-row\">\r\n\t\t\t\t<div class=\"elementor-element elementor-element-a5bb34b elementor-column elementor-col-100 elementor-top-column\" data-id=\"a5bb34b\" data-element_type=\"column\">\r\n\t\t\t<div class=\"elementor-column-wrap  elementor-element-populated\">\r\n\t\t\t\t\t<div class=\"elementor-widget-wrap\">\r\n\t\t\t\t<div class=\"elementor-element elementor-element-686e208 elementor-widget elementor-widget-heading\" data-id=\"686e208\" data-element_type=\"widget\" data-widget_type=\"heading.default\">\r\n\t\t\t\t<div class=\"elementor-widget-container\">\r\n\t\t\t<h2 class=\"elementor-heading-title elementor-size-default\">Produtos<\/h2>\t\t<\/div>\r\n\t\t\t\t<\/div>\r\n\t\t\t\t<div class=\"elementor-element elementor-element-aaa62f9 elementor-widget elementor-widget-divider\" data-id=\"aaa62f9\" data-element_type=\"widget\" data-widget_type=\"divider.default\">\r\n\t\t\t\t<div class=\"elementor-widget-container\">\r\n\t\t\t\t\t<div class=\"elementor-divider\">\r\n\t\t\t<span class=\"elementor-divider-separator\">\r\n\t\t\t\t\t\t<\/span>\r\n\t\t<\/div>\r\n\t\t\t\t<\/div>\r\n\t\t\t\t<\/div>\r\n\t\t\t\t\t\t<\/div>\r\n\t\t\t<\/div>\r\n\t\t<\/div>\r\n\t\t\t\t\t\t<\/div>\r\n\t\t\t<\/div>\r\n\t\t<\/section>\r\n\t\t\t\t<section class=\"elementor-element elementor-element-b669f35 elementor-section-boxed elementor-section-height-default elementor-section-height-default elementor-section elementor-top-section\" data-id=\"b669f35\" data-element_type=\"section\">\r\n\t\t\t\t\t\t<div class=\"elementor-container elementor-column-gap-default\">\r\n\t\t\t\t<div class=\"elementor-row\">\r\n\t\t\t\t<div class=\"elementor-element elementor-element-00020a3 elementor-column elementor-col-25 elementor-top-column\" data-id=\"00020a3\" data-element_type=\"column\">\r\n\t\t\t<div class=\"elementor-column-wrap  elementor-element-populated\">\r\n\t\t\t\t\t<div class=\"elementor-widget-wrap\">\r\n\t\t\t\t<div class=\"elementor-element elementor-element-499e3bd elementor-widget elementor-widget-image\" data-id=\"499e3bd\" data-element_type=\"widget\" data-widget_type=\"image.default\">\r\n\t\t\t\t<div class=\"elementor-widget-container\">\r\n\t\t\t\t\t<div class=\"elementor-image\">\r\n\t\t\t\t\t\t\t\t\t\t<img width=\"647\" height=\"647\" src=\"https:\/\/piramideacabamentos.com.br\/wp-content\/uploads\/2021\/03\/Trocando-pisos-e-revestimentos-0.jpg\" class=\"attachment-large size-large\" alt=\"\" loading=\"lazy\" srcset=\"https:\/\/piramideacabamentos.com.br\/wp-content\/uploads\/2021\/03\/Trocando-pisos-e-revestimentos-0.jpg 647w, https:\/\/piramideacabamentos.com.br\/wp-content\/uploads\/2021\/03\/Trocando-pisos-e-revestimentos-0-300x300.jpg 300w, https:\/\/piramideacabamentos.com.br\/wp-content\/uploads\/2021\/03\/Trocando-pisos-e-revestimentos-0-150x150.jpg 150w\" sizes=\"(max-width: 647px) 100vw, 647px\" \/>\t\t\t\t\t\t\t\t\t\t\t<\/div>\r\n\t\t\t\t<\/div>\r\n\t\t\t\t<\/div>\r\n\t\t\t\t<div class=\"elementor-element elementor-element-5da30ea elementor-widget elementor-widget-heading\" data-id=\"5da30ea\" data-element_type=\"widget\" data-widget_type=\"heading.default\">\r\n\t\t\t\t<div class=\"elementor-widget-container\">\r\n\t\t\t<h2 class=\"elementor-heading-title elementor-size-default\">Pisos<\/h2>\t\t<\/div>\r\n\t\t\t\t<\/div>\r\n\t\t\t\t\t\t<\/div>\r\n\t\t\t<\/div>\r\n\t\t<\/div>\r\n\t\t\t\t<div class=\"elementor-element elementor-element-523eb7c elementor-column elementor-col-25 elementor-top-column\" data-id=\"523eb7c\" data-element_type=\"column\">\r\n\t\t\t<div class=\"elementor-column-wrap  elementor-element-populated\">\r\n\t\t\t\t\t<div class=\"elementor-widget-wrap\">\r\n\t\t\t\t<div class=\"elementor-element elementor-element-f3488fc elementor-widget elementor-widget-image\" data-id=\"f3488fc\" data-element_type=\"widget\" data-widget_type=\"image.default\">\r\n\t\t\t\t<div class=\"elementor-widget-container\">\r\n\t\t\t\t\t<div class=\"elementor-image\">\r\n\t\t\t\t\t\t\t\t\t\t<img width=\"533\" height=\"533\" src=\"https:\/\/piramideacabamentos.com.br\/wp-content\/uploads\/2021\/03\/tintas_SQ_Quimica-1.jpg\" class=\"attachment-large size-large\" alt=\"\" loading=\"lazy\" srcset=\"https:\/\/piramideacabamentos.com.br\/wp-content\/uploads\/2021\/03\/tintas_SQ_Quimica-1.jpg 533w, https:\/\/piramideacabamentos.com.br\/wp-content\/uploads\/2021\/03\/tintas_SQ_Quimica-1-300x300.jpg 300w, https:\/\/piramideacabamentos.com.br\/wp-content\/uploads\/2021\/03\/tintas_SQ_Quimica-1-150x150.jpg 150w\" sizes=\"(max-width: 533px) 100vw, 533px\" \/>\t\t\t\t\t\t\t\t\t\t\t<\/div>\r\n\t\t\t\t<\/div>\r\n\t\t\t\t<\/div>\r\n\t\t\t\t<div class=\"elementor-element elementor-element-d63090f elementor-widget elementor-widget-heading\" data-id=\"d63090f\" data-element_type=\"widget\" data-widget_type=\"heading.default\">\r\n\t\t\t\t<div class=\"elementor-widget-container\">\r\n\t\t\t<h2 class=\"elementor-heading-title elementor-size-default\">Tintas\/ Materiais de Pintura<\/h2>\t\t<\/div>\r\n\t\t\t\t<\/div>\r\n\t\t\t\t\t\t<\/div>\r\n\t\t\t<\/div>\r\n\t\t<\/div>\r\n\t\t\t\t<div class=\"elementor-element elementor-element-bbc8b1d elementor-column elementor-col-25 elementor-top-column\" data-id=\"bbc8b1d\" data-element_type=\"column\">\r\n\t\t\t<div class=\"elementor-column-wrap  elementor-element-populated\">\r\n\t\t\t\t\t<div class=\"elementor-widget-wrap\">\r\n\t\t\t\t<div class=\"elementor-element elementor-element-193b047 elementor-widget elementor-widget-image\" data-id=\"193b047\" data-element_type=\"widget\" data-widget_type=\"image.default\">\r\n\t\t\t\t<div class=\"elementor-widget-container\">\r\n\t\t\t\t\t<div class=\"elementor-image\">\r\n\t\t\t\t\t\t\t\t\t\t<img width=\"1024\" height=\"1024\" src=\"https:\/\/piramideacabamentos.com.br\/wp-content\/uploads\/2021\/03\/Banner_argamassa_rejuntes_blog_quartzolit-1024x1024.jpg\" class=\"attachment-large size-large\" alt=\"\" loading=\"lazy\" srcset=\"https:\/\/piramideacabamentos.com.br\/wp-content\/uploads\/2021\/03\/Banner_argamassa_rejuntes_blog_quartzolit-1024x1024.jpg 1024w, https:\/\/piramideacabamentos.com.br\/wp-content\/uploads\/2021\/03\/Banner_argamassa_rejuntes_blog_quartzolit-300x300.jpg 300w, https:\/\/piramideacabamentos.com.br\/wp-content\/uploads\/2021\/03\/Banner_argamassa_rejuntes_blog_quartzolit-150x150.jpg 150w, https:\/\/piramideacabamentos.com.br\/wp-content\/uploads\/2021\/03\/Banner_argamassa_rejuntes_blog_quartzolit-768x768.jpg 768w, https:\/\/piramideacabamentos.com.br\/wp-content\/uploads\/2021\/03\/Banner_argamassa_rejuntes_blog_quartzolit.jpg 1080w\" sizes=\"(max-width: 1024px) 100vw, 1024px\" \/>\t\t\t\t\t\t\t\t\t\t\t<\/div>\r\n\t\t\t\t<\/div>\r\n\t\t\t\t<\/div>\r\n\t\t\t\t<div class=\"elementor-element elementor-element-d6251e3 elementor-widget elementor-widget-heading\" data-id=\"d6251e3\" data-element_type=\"widget\" data-widget_type=\"heading.default\">\r\n\t\t\t\t<div class=\"elementor-widget-container\">\r\n\t\t\t<h2 class=\"elementor-heading-title elementor-size-default\">Argamassa<\/h2>\t\t<\/div>\r\n\t\t\t\t<\/div>\r\n\t\t\t\t\t\t<\/div>\r\n\t\t\t<\/div>\r\n\t\t<\/div>\r\n\t\t\t\t<div class=\"elementor-element elementor-element-1e1367e elementor-column elementor-col-25 elementor-top-column\" data-id=\"1e1367e\" data-element_type=\"column\">\r\n\t\t\t<div class=\"elementor-column-wrap  elementor-element-populated\">\r\n\t\t\t\t\t<div class=\"elementor-widget-wrap\">\r\n\t\t\t\t<div class=\"elementor-element elementor-element-a2c6c6d elementor-widget elementor-widget-image\" data-id=\"a2c6c6d\" data-element_type=\"widget\" data-widget_type=\"image.default\">\r\n\t\t\t\t<div class=\"elementor-widget-container\">\r\n\t\t\t\t\t<div class=\"elementor-image\">\r\n\t\t\t\t\t\t\t\t\t\t<img width=\"800\" height=\"800\" src=\"https:\/\/piramideacabamentos.com.br\/wp-content\/uploads\/2021\/03\/00727250196__6_A_ND.jpg\" class=\"attachment-large size-large\" alt=\"\" loading=\"lazy\" srcset=\"https:\/\/piramideacabamentos.com.br\/wp-content\/uploads\/2021\/03\/00727250196__6_A_ND.jpg 800w, https:\/\/piramideacabamentos.com.br\/wp-content\/uploads\/2021\/03\/00727250196__6_A_ND-300x300.jpg 300w, https:\/\/piramideacabamentos.com.br\/wp-content\/uploads\/2021\/03\/00727250196__6_A_ND-150x150.jpg 150w, https:\/\/piramideacabamentos.com.br\/wp-content\/uploads\/2021\/03\/00727250196__6_A_ND-768x768.jpg 768w\" sizes=\"(max-width: 800px) 100vw, 800px\" \/>\t\t\t\t\t\t\t\t\t\t\t<\/div>\r\n\t\t\t\t<\/div>\r\n\t\t\t\t<\/div>\r\n\t\t\t\t<div class=\"elementor-element elementor-element-5d05c05 elementor-widget elementor-widget-heading\" data-id=\"5d05c05\" data-element_type=\"widget\" data-widget_type=\"heading.default\">\r\n\t\t\t\t<div class=\"elementor-widget-container\">\r\n\t\t\t<h2 class=\"elementor-heading-title elementor-size-default\">Balc\u00f5es de Banheiros\/ Lou\u00e7as<\/h2>\t\t<\/div>\r\n\t\t\t\t<\/div>\r\n\t\t\t\t\t\t<\/div>\r\n\t\t\t<\/div>\r\n\t\t<\/div>\r\n\t\t\t\t\t\t<\/div>\r\n\t\t\t<\/div>\r\n\t\t<\/section>\r\n\t\t\t\t<section class=\"elementor-element elementor-element-7820adb elementor-section-boxed elementor-section-height-default elementor-section-height-default elementor-section elementor-top-section\" data-id=\"7820adb\" data-element_type=\"section\">\r\n\t\t\t\t\t\t<div class=\"elementor-container elementor-column-gap-default\">\r\n\t\t\t\t<div class=\"elementor-row\">\r\n\t\t\t\t<div class=\"elementor-element elementor-element-4b1f445 elementor-column elementor-col-33 elementor-top-column\" data-id=\"4b1f445\" data-element_type=\"column\">\r\n\t\t\t<div class=\"elementor-column-wrap  elementor-element-populated\">\r\n\t\t\t\t\t<div class=\"elementor-widget-wrap\">\r\n\t\t\t\t<div class=\"elementor-element elementor-element-027b774 elementor-widget elementor-widget-image\" data-id=\"027b774\" data-element_type=\"widget\" data-widget_type=\"image.default\">\r\n\t\t\t\t<div class=\"elementor-widget-container\">\r\n\t\t\t\t\t<div class=\"elementor-image\">\r\n\t\t\t\t\t\t\t\t\t\t<img width=\"420\" height=\"420\" src=\"https:\/\/piramideacabamentos.com.br\/wp-content\/uploads\/2021\/03\/R97c474153b30b4ee0c1f795f15138383-1.jpg\" class=\"attachment-large size-large\" alt=\"\" loading=\"lazy\" srcset=\"https:\/\/piramideacabamentos.com.br\/wp-content\/uploads\/2021\/03\/R97c474153b30b4ee0c1f795f15138383-1.jpg 420w, https:\/\/piramideacabamentos.com.br\/wp-content\/uploads\/2021\/03\/R97c474153b30b4ee0c1f795f15138383-1-300x300.jpg 300w, https:\/\/piramideacabamentos.com.br\/wp-content\/uploads\/2021\/03\/R97c474153b30b4ee0c1f795f15138383-1-150x150.jpg 150w\" sizes=\"(max-width: 420px) 100vw, 420px\" \/>\t\t\t\t\t\t\t\t\t\t\t<\/div>\r\n\t\t\t\t<\/div>\r\n\t\t\t\t<\/div>\r\n\t\t\t\t<div class=\"elementor-element elementor-element-71fec71 elementor-widget elementor-widget-heading\" data-id=\"71fec71\" data-element_type=\"widget\" data-widget_type=\"heading.default\">\r\n\t\t\t\t<div class=\"elementor-widget-container\">\r\n\t\t\t<h2 class=\"elementor-heading-title elementor-size-default\">Mat. El\u00e9trico<\/h2>\t\t<\/div>\r\n\t\t\t\t<\/div>\r\n\t\t\t\t\t\t<\/div>\r\n\t\t\t<\/div>\r\n\t\t<\/div>\r\n\t\t\t\t<div class=\"elementor-element elementor-element-e0ca57a elementor-column elementor-col-33 elementor-top-column\" data-id=\"e0ca57a\" data-element_type=\"column\">\r\n\t\t\t<div class=\"elementor-column-wrap  elementor-element-populated\">\r\n\t\t\t\t\t<div class=\"elementor-widget-wrap\">\r\n\t\t\t\t<div class=\"elementor-element elementor-element-87e21ec elementor-widget elementor-widget-image\" data-id=\"87e21ec\" data-element_type=\"widget\" data-widget_type=\"image.default\">\r\n\t\t\t\t<div class=\"elementor-widget-container\">\r\n\t\t\t\t\t<div class=\"elementor-image\">\r\n\t\t\t\t\t\t\t\t\t\t<img width=\"482\" height=\"482\" src=\"https:\/\/piramideacabamentos.com.br\/wp-content\/uploads\/2021\/03\/303310-confira-3-tipos-de-tubos-e-conexoes-para-esgoto.jpg\" class=\"attachment-large size-large\" alt=\"\" loading=\"lazy\" srcset=\"https:\/\/piramideacabamentos.com.br\/wp-content\/uploads\/2021\/03\/303310-confira-3-tipos-de-tubos-e-conexoes-para-esgoto.jpg 482w, https:\/\/piramideacabamentos.com.br\/wp-content\/uploads\/2021\/03\/303310-confira-3-tipos-de-tubos-e-conexoes-para-esgoto-300x300.jpg 300w, https:\/\/piramideacabamentos.com.br\/wp-content\/uploads\/2021\/03\/303310-confira-3-tipos-de-tubos-e-conexoes-para-esgoto-150x150.jpg 150w\" sizes=\"(max-width: 482px) 100vw, 482px\" \/>\t\t\t\t\t\t\t\t\t\t\t<\/div>\r\n\t\t\t\t<\/div>\r\n\t\t\t\t<\/div>\r\n\t\t\t\t<div class=\"elementor-element elementor-element-42d29ed elementor-widget elementor-widget-heading\" data-id=\"42d29ed\" data-element_type=\"widget\" data-widget_type=\"heading.default\">\r\n\t\t\t\t<div class=\"elementor-widget-container\">\r\n\t\t\t<h2 class=\"elementor-heading-title elementor-size-default\">Tubos e Conex\u00f5es<\/h2>\t\t<\/div>\r\n\t\t\t\t<\/div>\r\n\t\t\t\t\t\t<\/div>\r\n\t\t\t<\/div>\r\n\t\t<\/div>\r\n\t\t\t\t<div class=\"elementor-element elementor-element-4339ddd elementor-column elementor-col-33 elementor-top-column\" data-id=\"4339ddd\" data-element_type=\"column\">\r\n\t\t\t<div class=\"elementor-column-wrap  elementor-element-populated\">\r\n\t\t\t\t\t<div class=\"elementor-widget-wrap\">\r\n\t\t\t\t<div class=\"elementor-element elementor-element-04f0910 elementor-widget elementor-widget-image\" data-id=\"04f0910\" data-element_type=\"widget\" data-widget_type=\"image.default\">\r\n\t\t\t\t<div class=\"elementor-widget-container\">\r\n\t\t\t\t\t<div class=\"elementor-image\">\r\n\t\t\t\t\t\t\t\t\t\t<img width=\"1000\" height=\"1000\" src=\"https:\/\/piramideacabamentos.com.br\/wp-content\/uploads\/2021\/03\/Ra5a106a45266fdea9b7c306aa5676855.jpg\" class=\"attachment-large size-large\" alt=\"\" loading=\"lazy\" srcset=\"https:\/\/piramideacabamentos.com.br\/wp-content\/uploads\/2021\/03\/Ra5a106a45266fdea9b7c306aa5676855.jpg 1000w, https:\/\/piramideacabamentos.com.br\/wp-content\/uploads\/2021\/03\/Ra5a106a45266fdea9b7c306aa5676855-300x300.jpg 300w, https:\/\/piramideacabamentos.com.br\/wp-content\/uploads\/2021\/03\/Ra5a106a45266fdea9b7c306aa5676855-150x150.jpg 150w, https:\/\/piramideacabamentos.com.br\/wp-content\/uploads\/2021\/03\/Ra5a106a45266fdea9b7c306aa5676855-768x768.jpg 768w\" sizes=\"(max-width: 1000px) 100vw, 1000px\" \/>\t\t\t\t\t\t\t\t\t\t\t<\/div>\r\n\t\t\t\t<\/div>\r\n\t\t\t\t<\/div>\r\n\t\t\t\t<div class=\"elementor-element elementor-element-e25fb3a elementor-widget elementor-widget-heading\" data-id=\"e25fb3a\" data-element_type=\"widget\" data-widget_type=\"heading.default\">\r\n\t\t\t\t<div class=\"elementor-widget-container\">\r\n\t\t\t<h2 class=\"elementor-heading-title elementor-size-default\">Metais Banheiro\/Cozinha<\/h2>\t\t<\/div>\r\n\t\t\t\t<\/div>\r\n\t\t\t\t\t\t<\/div>\r\n\t\t\t<\/div>\r\n\t\t<\/div>\r\n\t\t\t\t\t\t<\/div>\r\n\t\t\t<\/div>\r\n\t\t<\/section>\r\n\t\t\t\t<section class=\"elementor-element elementor-element-5a24bba elementor-section-boxed elementor-section-height-default elementor-section-height-default elementor-section elementor-top-section\" data-id=\"5a24bba\" data-element_type=\"section\">\r\n\t\t\t\t\t\t<div class=\"elementor-container elementor-column-gap-default\">\r\n\t\t\t\t<div class=\"elementor-row\">\r\n\t\t\t\t<div class=\"elementor-element elementor-element-3e8835d elementor-column elementor-col-100 elementor-top-column\" data-id=\"3e8835d\" data-element_type=\"column\">\r\n\t\t\t<div class=\"elementor-column-wrap  elementor-element-populated\">\r\n\t\t\t\t\t<div class=\"elementor-widget-wrap\">\r\n\t\t\t\t<div class=\"elementor-element elementor-element-5fc78a7 elementor-widget elementor-widget-image\" data-id=\"5fc78a7\" data-element_type=\"widget\" data-widget_type=\"image.default\">\r\n\t\t\t\t<div class=\"elementor-widget-container\">\r\n\t\t\t\t\t<div class=\"elementor-image\">\r\n\t\t\t\t\t\t\t\t\t\t<img width=\"562\" height=\"562\" src=\"https:\/\/piramideacabamentos.com.br\/wp-content\/uploads\/2021\/03\/R4a3535f7e97b1a83e68a331d7b19c6ea.jpg\" class=\"attachment-large size-large\" alt=\"\" loading=\"lazy\" srcset=\"https:\/\/piramideacabamentos.com.br\/wp-content\/uploads\/2021\/03\/R4a3535f7e97b1a83e68a331d7b19c6ea.jpg 562w, https:\/\/piramideacabamentos.com.br\/wp-content\/uploads\/2021\/03\/R4a3535f7e97b1a83e68a331d7b19c6ea-300x300.jpg 300w, https:\/\/piramideacabamentos.com.br\/wp-content\/uploads\/2021\/03\/R4a3535f7e97b1a83e68a331d7b19c6ea-150x150.jpg 150w\" sizes=\"(max-width: 562px) 100vw, 562px\" \/>\t\t\t\t\t\t\t\t\t\t\t<\/div>\r\n\t\t\t\t<\/div>\r\n\t\t\t\t<\/div>\r\n\t\t\t\t<div class=\"elementor-element elementor-element-930fabe elementor-widget elementor-widget-heading\" data-id=\"930fabe\" data-element_type=\"widget\" data-widget_type=\"heading.default\">\r\n\t\t\t\t<div class=\"elementor-widget-container\">\r\n\t\t\t<h2 class=\"elementor-heading-title elementor-size-default\">Telha de Fibrocimento<\/h2>\t\t<\/div>\r\n\t\t\t\t<\/div>\r\n\t\t\t\t\t\t<\/div>\r\n\t\t\t<\/div>\r\n\t\t<\/div>\r\n\t\t\t\t\t\t<\/div>\r\n\t\t\t<\/div>\r\n\t\t<\/section>\r\n\t\t\t\t\t\t<\/div>\r\n\t\t\t<\/div>\r\n\t\t<\/div>\r\n\t\t","protected":false},"excerpt":{"rendered":"<p>Produtos Pisos Tintas\/ Materiais de Pintura Argamassa Balc\u00f5es de Banheiros\/ Lou\u00e7as Mat. El\u00e9trico Tubos e Conex\u00f5es Metais Banheiro\/Cozinha Telha de Fibrocimento<\/p>\n","protected":false},"author":1,"featured_media":0,"parent":0,"menu_order":0,"comment_status":"closed","ping_status":"closed","template":"","meta":[],"_links":{"self":[{"href":"https:\/\/piramideacabamentos.com.br\/index.php\/wp-json\/wp\/v2\/pages\/13"}],"collection":[{"href":"https:\/\/piramideacabamentos.com.br\/index.php\/wp-json\/wp\/v2\/pages"}],"about":[{"href":"https:\/\/piramideacabamentos.com.br\/index.php\/wp-json\/wp\/v2\/types\/page"}],"author":[{"embeddable":true,"href":"https:\/\/piramideacabamentos.com.br\/index.php\/wp-json\/wp\/v2\/users\/1"}],"replies":[{"embeddable":true,"href":"https:\/\/piramideacabamentos.com.br\/index.php\/wp-json\/wp\/v2\/comments?post=13"}],"version-history":[{"count":7,"href":"https:\/\/piramideacabamentos.com.br\/index.php\/wp-json\/wp\/v2\/pages\/13\/revisions"}],"predecessor-version":[{"id":112,"href":"https:\/\/piramideacabamentos.com.br\/index.php\/wp-json\/wp\/v2\/pages\/13\/revisions\/112"}],"wp:attachment":[{"href":"https:\/\/piramideacabamentos.com.br\/index.php\/wp-json\/wp\/v2\/media?parent=13"}],"curies":[{"name":"wp","href":"https:\/\/api.w.org\/{rel}","templated":true}]}}